{"id":2,"date":"2017-04-09T21:21:02","date_gmt":"2017-04-09T21:21:02","guid":{"rendered":"http:\/\/www.tiempomedico.com.ar\/wordpress\/?page_id=2"},"modified":"2020-02-23T23:57:59","modified_gmt":"2020-02-23T23:57:59","slug":"pagina-ejemplo","status":"publish","type":"page","link":"https:\/\/www.tiempomedico.com.ar\/wordpress\/index.php\/pagina-ejemplo\/","title":{"rendered":"Beneficios"},"content":{"rendered":"<table border=\"0\" width=\"98%\" cellspacing=\"0\" cellpadding=\"0\" align=\"center\">\n<tbody>\n<tr>\n<td class=\"supertitulo\" height=\"35\">\n<h2><strong>BENEFICIOS TIEMPO M\u00c9DICO<\/strong><\/h2>\n<\/td>\n<\/tr>\n<tr>\n<td height=\"43\">\n<h2><span class=\"tits\">La cobertura m\u00e9dica integral l\u00edder en prevenci\u00f3n de enfermedades cr\u00f3nicas no transmisibles (Cardiovasculares, Diabetes, Neurocognitivas, Metab\u00f3licas, Obesidad, C\u00e1ncer).<\/span><\/h2>\n<p class=\"texto\">Medicina Personalizada<\/p>\n<p class=\"texto\">Centros M\u00e9dicos<\/p>\n<p class=\"texto\">Centros de Alta Complejidad Diagn\u00f3stica<\/p>\n<p class=\"texto\">M\u00e9dicos en todas las especialidades<\/p>\n<p class=\"texto\">Farmacias con el 40% de descuento y con env\u00edos a domicilio<\/p>\n<p class=\"texto\">Emergencias las 24 hs.<\/p>\n<p class=\"texto\">Servicio M\u00e9dico a domicilio sin cargo las 24 hs.<\/p>\n<p class=\"texto\">Servicio M\u00e9dico Pedi\u00e1trico a domicilio sin cargo las 24 hs.<\/p>\n<p class=\"texto\">Odontolog\u00eda Integral y b\u00e1sica sin cargo<\/p>\n<p class=\"texto\">Odontolog\u00eda de Urgencia a domicilio sin cargo las 24 hs.<\/p>\n<p class=\"texto\">Servicio de Orientaci\u00f3n M\u00e9dica Telef\u00f3nica Permanente las 24 hs.<\/p>\n<\/td>\n<\/tr>\n<\/tbody>\n<\/table>\n<p>&nbsp;<\/p>\n","protected":false},"excerpt":{"rendered":"<p>BENEFICIOS TIEMPO M\u00c9DICO La cobertura m\u00e9dica integral l\u00edder en prevenci\u00f3n de enfermedades cr\u00f3nicas no transmisibles (Cardiovasculares, Diabetes, Neurocognitivas, Metab\u00f3licas, Obesidad, C\u00e1ncer). Medicina Personalizada Centros M\u00e9dicos Centros de Alta Complejidad Diagn\u00f3stica M\u00e9dicos en todas las especialidades Farmacias con el 40% de descuento y con env\u00edos a domicilio Emergencias las 24 hs. Servicio M\u00e9dico a domicilio sin &hellip; <\/p>\n<p class=\"link-more\"><a href=\"https:\/\/www.tiempomedico.com.ar\/wordpress\/index.php\/pagina-ejemplo\/\" class=\"more-link\">Continuar leyendo<span class=\"screen-reader-text\"> \u00abBeneficios\u00bb<\/span><\/a><\/p>\n","protected":false},"author":1,"featured_media":0,"parent":0,"menu_order":0,"comment_status":"closed","ping_status":"open","template":"","meta":{"footnotes":""},"_links":{"self":[{"href":"https:\/\/www.tiempomedico.com.ar\/wordpress\/index.php\/wp-json\/wp\/v2\/pages\/2"}],"collection":[{"href":"https:\/\/www.tiempomedico.com.ar\/wordpress\/index.php\/wp-json\/wp\/v2\/pages"}],"about":[{"href":"https:\/\/www.tiempomedico.com.ar\/wordpress\/index.php\/wp-json\/wp\/v2\/types\/page"}],"author":[{"embeddable":true,"href":"https:\/\/www.tiempomedico.com.ar\/wordpress\/index.php\/wp-json\/wp\/v2\/users\/1"}],"replies":[{"embeddable":true,"href":"https:\/\/www.tiempomedico.com.ar\/wordpress\/index.php\/wp-json\/wp\/v2\/comments?post=2"}],"version-history":[{"count":5,"href":"https:\/\/www.tiempomedico.com.ar\/wordpress\/index.php\/wp-json\/wp\/v2\/pages\/2\/revisions"}],"predecessor-version":[{"id":184,"href":"https:\/\/www.tiempomedico.com.ar\/wordpress\/index.php\/wp-json\/wp\/v2\/pages\/2\/revisions\/184"}],"wp:attachment":[{"href":"https:\/\/www.tiempomedico.com.ar\/wordpress\/index.php\/wp-json\/wp\/v2\/media?parent=2"}],"curies":[{"name":"wp","href":"https:\/\/api.w.org\/{rel}","templated":true}]}}